{"id":290,"date":"2022-07-17T21:20:30","date_gmt":"2022-07-17T21:20:30","guid":{"rendered":"https:\/\/gabrielaguraiiblaw.com\/?page_id=290"},"modified":"2022-10-05T22:36:23","modified_gmt":"2022-10-05T22:36:23","slug":"asalto-y-lesiones","status":"publish","type":"page","link":"https:\/\/gabrielaguraiiblaw.com\/es\/defensa-criminal\/asalto-y-lesiones\/","title":{"rendered":"Asalto y lesiones"},"content":{"rendered":"\t\t<div data-elementor-type=\"wp-page\" data-elementor-id=\"290\" class=\"elementor elementor-290 elementor-191\" data-elementor-post-type=\"page\">\n\t\t\t\t\t\t<section data-particle_enable=\"false\" data-particle-mobile-disabled=\"false\" class=\"elementor-section elementor-top-section elementor-element elementor-element-bd898f9 elementor-section-boxed elementor-section-height-default elementor-section-height-default\" data-id=\"bd898f9\" data-element_type=\"section\" data-e-type=\"section\">\n\t\t\t\t\t\t<div class=\"elementor-container elementor-column-gap-default\">\n\t\t\t\t\t<div class=\"elementor-column elementor-col-100 elementor-top-column elementor-element elementor-element-b3dc328\" data-id=\"b3dc328\" data-element_type=\"column\" data-e-type=\"column\">\n\t\t\t<div class=\"elementor-widget-wrap elementor-element-populated\">\n\t\t\t\t\t\t<div class=\"elementor-element elementor-element-83c1af1 elementor-widget elementor-widget-heading\" data-id=\"83c1af1\" data-element_type=\"widget\" data-e-type=\"widget\" data-widget_type=\"heading.default\">\n\t\t\t\t<div class=\"elementor-widget-container\">\n\t\t\t\t\t<h1 class=\"elementor-heading-title elementor-size-default\">ABOGADA DEFENSORA DE AGRESIONES FISICAS Y LESIONES MENORES Y MAYORES<\/h1>\t\t\t\t<\/div>\n\t\t\t\t<\/div>\n\t\t\t\t<div class=\"elementor-element elementor-element-83f88f6 elementor-widget elementor-widget-html\" data-id=\"83f88f6\" data-element_type=\"widget\" data-e-type=\"widget\" data-widget_type=\"html.default\">\n\t\t\t\t<div class=\"elementor-widget-container\">\n\t\t\t\t\t<div class=\"divider\"><\/div>\n<div class=\"divider\"><\/div>\t\t\t\t<\/div>\n\t\t\t\t<\/div>\n\t\t\t\t<div class=\"elementor-element elementor-element-28c63e5 elementor-widget elementor-widget-heading\" data-id=\"28c63e5\" data-element_type=\"widget\" data-e-type=\"widget\" data-widget_type=\"heading.default\">\n\t\t\t\t<div class=\"elementor-widget-container\">\n\t\t\t\t\t<h2 class=\"elementor-heading-title elementor-size-default\">REPRESENTACI\u00d3N LEGAL EFECTIVA PARA CARGOS DE DELITOS MENORES Y MAYORES (FELON\u00cdAS)<\/h2>\t\t\t\t<\/div>\n\t\t\t\t<\/div>\n\t\t\t\t<div class=\"elementor-element elementor-element-17dc1f7 elementor-widget elementor-widget-text-editor\" data-id=\"17dc1f7\" data-element_type=\"widget\" data-e-type=\"widget\" data-widget_type=\"text-editor.default\">\n\t\t\t\t<div class=\"elementor-widget-container\">\n\t\t\t\t\t\t\t\t\t<p>\u00bfLo est\u00e1n acusando de haber cometido una agresi\u00f3n f\u00edsica o de haber causado una lesi\u00f3n f\u00edsica? Usted necesita un abogado con experiencia para que prepare una defensa solida mientras protege sus derechos y garant\u00edas. La Doctora Guraiib ha representado casos donde los clientes enfrentaron cargos de lesiones menores y mayores as\u00ed tambi\u00e9n como agresiones que no causaron lesiones. Proveemos representaci\u00f3n en ingl\u00e9s y en espa\u00f1ol.<\/p>\t\t\t\t\t\t\t\t<\/div>\n\t\t\t\t<\/div>\n\t\t\t\t<div class=\"elementor-element elementor-element-677c30b elementor-widget elementor-widget-text-editor\" data-id=\"677c30b\" data-element_type=\"widget\" data-e-type=\"widget\" data-widget_type=\"text-editor.default\">\n\t\t\t\t<div class=\"elementor-widget-container\">\n\t\t\t\t\t\t\t\t\t<p><strong>Llame al tel\u00e9fono\u00a0para conversar sobre su caso con la abogada mediante una consulta sin cargo.<\/strong><\/p>\t\t\t\t\t\t\t\t<\/div>\n\t\t\t\t<\/div>\n\t\t\t\t<div class=\"elementor-element elementor-element-4530446 elementor-widget elementor-widget-html\" data-id=\"4530446\" data-element_type=\"widget\" data-e-type=\"widget\" data-widget_type=\"html.default\">\n\t\t\t\t<div class=\"elementor-widget-container\">\n\t\t\t\t\t<div class=\"divider\"><\/div>\n<div class=\"divider\"><\/div>\t\t\t\t<\/div>\n\t\t\t\t<\/div>\n\t\t\t\t<div class=\"elementor-element elementor-element-fd0dcbb elementor-widget elementor-widget-heading\" data-id=\"fd0dcbb\" data-element_type=\"widget\" data-e-type=\"widget\" data-widget_type=\"heading.default\">\n\t\t\t\t<div class=\"elementor-widget-container\">\n\t\t\t\t\t<h2 class=\"elementor-heading-title elementor-size-default\">CARGOS DE AGRESIONES F\u00cdSICAS &amp; LESIONES MENORES O MAYORES<\/h2>\t\t\t\t<\/div>\n\t\t\t\t<\/div>\n\t\t\t\t<div class=\"elementor-element elementor-element-a4096a3 elementor-widget elementor-widget-text-editor\" data-id=\"a4096a3\" data-element_type=\"widget\" data-e-type=\"widget\" data-widget_type=\"text-editor.default\">\n\t\t\t\t<div class=\"elementor-widget-container\">\n\t\t\t\t\t\t\t\t\t<p>Las acusaciones de Agresi\u00f3n F\u00edsica y de Lesiones son dos tipos diferentes de quebrantamientos penales. La agresi\u00f3n pasa cuando una persona\u00a0<b>amenaza<\/b>\u00a0a otra con fuerza f\u00edsica o manifiesta cierta fuerza f\u00edsica que termina causando que la v\u00edctima tenga miedo de que la lastimen f\u00edsicamente. La Lesi\u00f3n es cuando alguien usa fuerza f\u00edsica contra otra persona. Dependiendo de las circunstancias, la ofensa de lesi\u00f3n puede resultar en un delito menor o mayor.<\/p>\t\t\t\t\t\t\t\t<\/div>\n\t\t\t\t<\/div>\n\t\t\t\t<div class=\"elementor-element elementor-element-16b1bc9 elementor-widget elementor-widget-heading\" data-id=\"16b1bc9\" data-element_type=\"widget\" data-e-type=\"widget\" data-widget_type=\"heading.default\">\n\t\t\t\t<div class=\"elementor-widget-container\">\n\t\t\t\t\t<h2 class=\"elementor-heading-title elementor-size-default\">UNA DEFENSA SOLIDA PARA SU SITUACI\u00d3N PARTICULAR<\/h2>\t\t\t\t<\/div>\n\t\t\t\t<\/div>\n\t\t\t\t<div class=\"elementor-element elementor-element-d88f58b elementor-widget elementor-widget-text-editor\" data-id=\"d88f58b\" data-element_type=\"widget\" data-e-type=\"widget\" data-widget_type=\"text-editor.default\">\n\t\t\t\t<div class=\"elementor-widget-container\">\n\t\t\t\t\t\t\t\t\t<p>Las penalidades especificas por las condenas de estos delitos dependen de las circunstancias espec\u00edficas de su caso y dependen tambi\u00e9n del grado del delito con el que lo est\u00e1n acusando (menor o mayor). Sin embargo, la condena por un delito menor o mayor puede llegar a afectar su reputaci\u00f3n y su situaci\u00f3n inmigratoria. Por eso es importante consultar con un abogado para determinar lo antes posible cuales son las alternativas para la defensa de sus derechos.<\/p>\t\t\t\t\t\t\t\t<\/div>\n\t\t\t\t<\/div>\n\t\t\t\t<div class=\"elementor-element elementor-element-6806529 elementor-widget elementor-widget-heading\" data-id=\"6806529\" data-element_type=\"widget\" data-e-type=\"widget\" data-widget_type=\"heading.default\">\n\t\t\t\t<div class=\"elementor-widget-container\">\n\t\t\t\t\t<p class=\"elementor-heading-title elementor-size-default\">Algunas de las defensas de estos cargos incluyen:<\/p>\t\t\t\t<\/div>\n\t\t\t\t<\/div>\n\t\t\t\t<div class=\"elementor-element elementor-element-66780fa elementor-icon-list--layout-traditional elementor-list-item-link-full_width elementor-widget elementor-widget-icon-list\" data-id=\"66780fa\" data-element_type=\"widget\" data-e-type=\"widget\" data-widget_type=\"icon-list.default\">\n\t\t\t\t<div class=\"elementor-widget-container\">\n\t\t\t\t\t\t\t<ul class=\"elementor-icon-list-items\">\n\t\t\t\t\t\t\t<li class=\"elementor-icon-list-item\">\n\t\t\t\t\t\t\t\t\t\t\t<span class=\"elementor-icon-list-icon\">\n\t\t\t\t\t\t\t<i aria-hidden=\"true\" class=\"far fa-dot-circle\"><\/i>\t\t\t\t\t\t<\/span>\n\t\t\t\t\t\t\t\t\t\t<span class=\"elementor-icon-list-text\">Actuar en defensa propia<\/span>\n\t\t\t\t\t\t\t\t\t<\/li>\n\t\t\t\t\t\t\t\t<li class=\"elementor-icon-list-item\">\n\t\t\t\t\t\t\t\t\t\t\t<span class=\"elementor-icon-list-icon\">\n\t\t\t\t\t\t\t<i aria-hidden=\"true\" class=\"far fa-dot-circle\"><\/i>\t\t\t\t\t\t<\/span>\n\t\t\t\t\t\t\t\t\t\t<span class=\"elementor-icon-list-text\">Actuar en protecci\u00f3n de otra persona que est\u00e1 enfrentando una amenaza de ser lesionada<\/span>\n\t\t\t\t\t\t\t\t\t<\/li>\n\t\t\t\t\t\t\t\t<li class=\"elementor-icon-list-item\">\n\t\t\t\t\t\t\t\t\t\t\t<span class=\"elementor-icon-list-icon\">\n\t\t\t\t\t\t\t<i aria-hidden=\"true\" class=\"far fa-dot-circle\"><\/i>\t\t\t\t\t\t<\/span>\n\t\t\t\t\t\t\t\t\t\t<span class=\"elementor-icon-list-text\">Que sea una acusaci\u00f3n infundada<\/span>\n\t\t\t\t\t\t\t\t\t<\/li>\n\t\t\t\t\t\t<\/ul>\n\t\t\t\t\t\t<\/div>\n\t\t\t\t<\/div>\n\t\t\t\t<div class=\"elementor-element elementor-element-6216bdd elementor-widget elementor-widget-text-editor\" data-id=\"6216bdd\" data-element_type=\"widget\" data-e-type=\"widget\" data-widget_type=\"text-editor.default\">\n\t\t\t\t<div class=\"elementor-widget-container\">\n\t\t\t\t\t\t\t\t\t<p>La inhabilidad de causar una lesi\u00f3n o usar fuerza dado que la persona sufre de una limitaci\u00f3n f\u00edsica. La abogada se encargar\u00e1 de evaluar su caso y de estudiar las pruebas que la fiscal\u00eda tiene contra usted a los efectos de determinar la manera mas efectiva y la mejor defensa estrat\u00e9gica aplicable a su situaci\u00f3n especifica. Lo vamos a guiar en cada paso del proceso legal desde el principio, durante la etapa de negociaci\u00f3n, las alternativas mas eficaces para su defensa y la protecci\u00f3n de sus derechos durante el proceso.<\/p>\t\t\t\t\t\t\t\t<\/div>\n\t\t\t\t<\/div>\n\t\t\t\t<div class=\"elementor-element elementor-element-bdfa55f elementor-widget elementor-widget-text-editor\" data-id=\"bdfa55f\" data-element_type=\"widget\" data-e-type=\"widget\" data-widget_type=\"text-editor.default\">\n\t\t\t\t<div class=\"elementor-widget-container\">\n\t\t\t\t\t\t\t\t\t<p><strong>Si usted fue acusado con cargos de Agresi\u00f3n F\u00edsica y Lesiones, llame\u00a0para obtener servicios legales de una abogada con experiencia en materia penal.<\/strong><\/p>\t\t\t\t\t\t\t\t<\/div>\n\t\t\t\t<\/div>\n\t\t\t\t\t<\/div>\n\t\t<\/div>\n\t\t\t\t\t<\/div>\n\t\t<\/section>\n\t\t\t\t<\/div>\n\t\t","protected":false},"excerpt":{"rendered":"<p>ABOGADA DEFENSORA DE AGRESIONES FISICAS Y LESIONES MENORES Y MAYORES REPRESENTACI\u00d3N LEGAL EFECTIVA PARA CARGOS DE DELITOS MENORES Y MAYORES (FELON\u00cdAS) \u00bfLo est\u00e1n acusando de haber cometido una agresi\u00f3n f\u00edsica o de haber causado una lesi\u00f3n f\u00edsica? Usted necesita un abogado con experiencia para que prepare una defensa solida mientras protege sus derechos y garant\u00edas. [&hellip;]<\/p>\n","protected":false},"author":4,"featured_media":0,"parent":287,"menu_order":0,"comment_status":"closed","ping_status":"closed","template":"","meta":{"_acf_changed":false,"footnotes":""},"class_list":["post-290","page","type-page","status-publish","hentry"],"acf":[],"jetpack_sharing_enabled":true,"_links":{"self":[{"href":"https:\/\/gabrielaguraiiblaw.com\/es\/wp-json\/wp\/v2\/pages\/290","targetHints":{"allow":["GET"]}}],"collection":[{"href":"https:\/\/gabrielaguraiiblaw.com\/es\/wp-json\/wp\/v2\/pages"}],"about":[{"href":"https:\/\/gabrielaguraiiblaw.com\/es\/wp-json\/wp\/v2\/types\/page"}],"author":[{"embeddable":true,"href":"https:\/\/gabrielaguraiiblaw.com\/es\/wp-json\/wp\/v2\/users\/4"}],"replies":[{"embeddable":true,"href":"https:\/\/gabrielaguraiiblaw.com\/es\/wp-json\/wp\/v2\/comments?post=290"}],"version-history":[{"count":0,"href":"https:\/\/gabrielaguraiiblaw.com\/es\/wp-json\/wp\/v2\/pages\/290\/revisions"}],"up":[{"embeddable":true,"href":"https:\/\/gabrielaguraiiblaw.com\/es\/wp-json\/wp\/v2\/pages\/287"}],"wp:attachment":[{"href":"https:\/\/gabrielaguraiiblaw.com\/es\/wp-json\/wp\/v2\/media?parent=290"}],"curies":[{"name":"wp","href":"https:\/\/api.w.org\/{rel}","templated":true}]}}