{"id":298,"date":"2022-07-17T21:34:05","date_gmt":"2022-07-17T21:34:05","guid":{"rendered":"https:\/\/gabrielaguraiiblaw.com\/?page_id=298"},"modified":"2023-02-17T18:27:02","modified_gmt":"2023-02-17T18:27:02","slug":"expungements","status":"publish","type":"page","link":"https:\/\/gabrielaguraiiblaw.com\/es\/defensa-criminal\/expungements\/","title":{"rendered":"Expungements"},"content":{"rendered":"\t\t<div data-elementor-type=\"wp-page\" data-elementor-id=\"298\" class=\"elementor elementor-298 elementor-195\" data-elementor-post-type=\"page\">\n\t\t\t\t\t\t<section data-particle_enable=\"false\" data-particle-mobile-disabled=\"false\" class=\"elementor-section elementor-top-section elementor-element elementor-element-09479b2 elementor-section-boxed elementor-section-height-default elementor-section-height-default\" data-id=\"09479b2\" data-element_type=\"section\" data-e-type=\"section\">\n\t\t\t\t\t\t<div class=\"elementor-container elementor-column-gap-default\">\n\t\t\t\t\t<div class=\"elementor-column elementor-col-100 elementor-top-column elementor-element elementor-element-ec580f7\" data-id=\"ec580f7\" data-element_type=\"column\" data-e-type=\"column\">\n\t\t\t<div class=\"elementor-widget-wrap elementor-element-populated\">\n\t\t\t\t\t\t<div class=\"elementor-element elementor-element-2d580d9 elementor-widget elementor-widget-heading\" data-id=\"2d580d9\" data-element_type=\"widget\" data-e-type=\"widget\" data-widget_type=\"heading.default\">\n\t\t\t\t<div class=\"elementor-widget-container\">\n\t\t\t\t\t<h1 class=\"elementor-heading-title elementor-size-default\">ABOGADA EN REDWOOD CITY DE EXPUNGEMENTS<\/h1>\t\t\t\t<\/div>\n\t\t\t\t<\/div>\n\t\t\t\t<div class=\"elementor-element elementor-element-15842fa elementor-widget elementor-widget-html\" data-id=\"15842fa\" data-element_type=\"widget\" data-e-type=\"widget\" data-widget_type=\"html.default\">\n\t\t\t\t<div class=\"elementor-widget-container\">\n\t\t\t\t\t<div class=\"divider\"><\/div>\n<div class=\"divider\"><\/div>\t\t\t\t<\/div>\n\t\t\t\t<\/div>\n\t\t\t\t<div class=\"elementor-element elementor-element-ee1289a elementor-widget elementor-widget-heading\" data-id=\"ee1289a\" data-element_type=\"widget\" data-e-type=\"widget\" data-widget_type=\"heading.default\">\n\t\t\t\t<div class=\"elementor-widget-container\">\n\t\t\t\t\t<h2 class=\"elementor-heading-title elementor-size-default\">ELIMINACI\u00d3N DE ANTECEDENTES PENALES<\/h2>\t\t\t\t<\/div>\n\t\t\t\t<\/div>\n\t\t\t\t<div class=\"elementor-element elementor-element-0a414de elementor-widget elementor-widget-text-editor\" data-id=\"0a414de\" data-element_type=\"widget\" data-e-type=\"widget\" data-widget_type=\"text-editor.default\">\n\t\t\t\t<div class=\"elementor-widget-container\">\n\t\t\t\t\t\t\t\t\t<p>\u00bfUn error del pasado est\u00e1 limitando sus oportunidades actuales? Una condena criminal puede tener efectos negativos y hasta nefastos para su futuro, incluyendo el limitar sus oportunidades de trabajo y de educaci\u00f3n e incluso en algunos casos su derecho a votar. En el Estudio de la Doctora Guraiib, nuestra abogada ayuda a sus clientes a seguir adelante con sus vidas mediante la eliminaci\u00f3n de antecedentes penales en el prontuario.<\/p>\t\t\t\t\t\t\t\t<\/div>\n\t\t\t\t<\/div>\n\t\t\t\t<div class=\"elementor-element elementor-element-53aa676 elementor-widget elementor-widget-text-editor\" data-id=\"53aa676\" data-element_type=\"widget\" data-e-type=\"widget\" data-widget_type=\"text-editor.default\">\n\t\t\t\t<div class=\"elementor-widget-container\">\n\t\t\t\t\t\t\t\t\t<p><strong>Si usted est\u00e1 interesado en explorar las posibilidades que tiene de eliminar sus antecedentes penales, llame al tel\u00e9fono <a href=\"tel:650-227-9132\">650-227-9132<\/a>\u00a0para una consulta sin cargo.<\/strong><\/p>\t\t\t\t\t\t\t\t<\/div>\n\t\t\t\t<\/div>\n\t\t\t\t<div class=\"elementor-element elementor-element-318616d elementor-widget elementor-widget-html\" data-id=\"318616d\" data-element_type=\"widget\" data-e-type=\"widget\" data-widget_type=\"html.default\">\n\t\t\t\t<div class=\"elementor-widget-container\">\n\t\t\t\t\t<div class=\"divider\"><\/div>\n<div class=\"divider\"><\/div>\t\t\t\t<\/div>\n\t\t\t\t<\/div>\n\t\t\t\t<div class=\"elementor-element elementor-element-2b2daa9 elementor-widget elementor-widget-heading\" data-id=\"2b2daa9\" data-element_type=\"widget\" data-e-type=\"widget\" data-widget_type=\"heading.default\">\n\t\t\t\t<div class=\"elementor-widget-container\">\n\t\t\t\t\t<h2 class=\"elementor-heading-title elementor-size-default\">TIPOS DE EXPUNGEMENTS O ANTECEDENTES PENALES<\/h2>\t\t\t\t<\/div>\n\t\t\t\t<\/div>\n\t\t\t\t<div class=\"elementor-element elementor-element-adb2d68 elementor-widget elementor-widget-text-editor\" data-id=\"adb2d68\" data-element_type=\"widget\" data-e-type=\"widget\" data-widget_type=\"text-editor.default\">\n\t\t\t\t<div class=\"elementor-widget-container\">\n\t\t\t\t\t\t\t\t\t<p>Hay dos tipos de eliminaci\u00f3n de antecedentes a disposici\u00f3n de las personas que previamente fueron arrestadas o tienen una condena penal. En la mayor\u00eda de las situaciones, el proceso incluye la eliminaci\u00f3n de los antecedentes penales de un individuo. El otro tipo de expungement se refiere a la protecci\u00f3n de los expedientes de la corte y los records, como por ejemplo el reporte sobre el arresto y la informaci\u00f3n sobre el tipo de condena. Un prontuario limpio es esencial para mantener licencias profesionales en varios \u00e1mbitos y para tener acceso a cierto tipo de empleos.<\/p>\t\t\t\t\t\t\t\t<\/div>\n\t\t\t\t<\/div>\n\t\t\t\t<div class=\"elementor-element elementor-element-e0cda2f elementor-widget elementor-widget-html\" data-id=\"e0cda2f\" data-element_type=\"widget\" data-e-type=\"widget\" data-widget_type=\"html.default\">\n\t\t\t\t<div class=\"elementor-widget-container\">\n\t\t\t\t\t<div class=\"divider\"><\/div>\n<div class=\"divider\"><\/div>\t\t\t\t<\/div>\n\t\t\t\t<\/div>\n\t\t\t\t<div class=\"elementor-element elementor-element-c16ef9b elementor-widget elementor-widget-heading\" data-id=\"c16ef9b\" data-element_type=\"widget\" data-e-type=\"widget\" data-widget_type=\"heading.default\">\n\t\t\t\t<div class=\"elementor-widget-container\">\n\t\t\t\t\t<h3 class=\"elementor-heading-title elementor-size-default\">EL PROCESO DE EXPUNGEMENT<\/h3>\t\t\t\t<\/div>\n\t\t\t\t<\/div>\n\t\t\t\t<div class=\"elementor-element elementor-element-c939f0e elementor-widget elementor-widget-text-editor\" data-id=\"c939f0e\" data-element_type=\"widget\" data-e-type=\"widget\" data-widget_type=\"text-editor.default\">\n\t\t\t\t<div class=\"elementor-widget-container\">\n\t\t\t\t\t\t\t\t\t<p>Para obtener el resultado de eliminar los antecedentes penales, es necesario peticionar al juez que deje sin efecto las acusaciones previas y\/o las condenas anteriores. Aun en casos donde usted solo fue arrestado, el arresto mismo en su prontuario puede da\u00f1ar su reputaci\u00f3n. Esa informaci\u00f3n va a salir a la vista cuando un empleador potencial haga un chequeo de su prontuario penal o record. Cuando se peticiona al juez por una orden de eliminaci\u00f3n de antecedentes penales, los arrestos previos y las condenas previas pueden ser eliminadas de su prontuario penal.<\/p>\t\t\t\t\t\t\t\t<\/div>\n\t\t\t\t<\/div>\n\t\t\t\t<div class=\"elementor-element elementor-element-a7988d8 elementor-widget elementor-widget-heading\" data-id=\"a7988d8\" data-element_type=\"widget\" data-e-type=\"widget\" data-widget_type=\"heading.default\">\n\t\t\t\t<div class=\"elementor-widget-container\">\n\t\t\t\t\t<p class=\"elementor-heading-title elementor-size-default\">El proceso de eliminaci\u00f3n de antecedentes penales requiere:<\/p>\t\t\t\t<\/div>\n\t\t\t\t<\/div>\n\t\t\t\t<div class=\"elementor-element elementor-element-1378a4f elementor-icon-list--layout-traditional elementor-list-item-link-full_width elementor-widget elementor-widget-icon-list\" data-id=\"1378a4f\" data-element_type=\"widget\" data-e-type=\"widget\" data-widget_type=\"icon-list.default\">\n\t\t\t\t<div class=\"elementor-widget-container\">\n\t\t\t\t\t\t\t<ul class=\"elementor-icon-list-items\">\n\t\t\t\t\t\t\t<li class=\"elementor-icon-list-item\">\n\t\t\t\t\t\t\t\t\t\t\t<span class=\"elementor-icon-list-icon\">\n\t\t\t\t\t\t\t<i aria-hidden=\"true\" class=\"far fa-dot-circle\"><\/i>\t\t\t\t\t\t<\/span>\n\t\t\t\t\t\t\t\t\t\t<span class=\"elementor-icon-list-text\">Proveer una copia de sus acusaciones y condenas<\/span>\n\t\t\t\t\t\t\t\t\t<\/li>\n\t\t\t\t\t\t\t\t<li class=\"elementor-icon-list-item\">\n\t\t\t\t\t\t\t\t\t\t\t<span class=\"elementor-icon-list-icon\">\n\t\t\t\t\t\t\t<i aria-hidden=\"true\" class=\"far fa-dot-circle\"><\/i>\t\t\t\t\t\t<\/span>\n\t\t\t\t\t\t\t\t\t\t<span class=\"elementor-icon-list-text\">Peticionar a la corte la eliminaci\u00f3n de antecedentes<\/span>\n\t\t\t\t\t\t\t\t\t<\/li>\n\t\t\t\t\t\t\t\t<li class=\"elementor-icon-list-item\">\n\t\t\t\t\t\t\t\t\t\t\t<span class=\"elementor-icon-list-icon\">\n\t\t\t\t\t\t\t<i aria-hidden=\"true\" class=\"far fa-dot-circle\"><\/i>\t\t\t\t\t\t<\/span>\n\t\t\t\t\t\t\t\t\t\t<span class=\"elementor-icon-list-text\">Someter una petici\u00f3n individual por cada cargo que uno quiere que se elimine<\/span>\n\t\t\t\t\t\t\t\t\t<\/li>\n\t\t\t\t\t\t\t\t<li class=\"elementor-icon-list-item\">\n\t\t\t\t\t\t\t\t\t\t\t<span class=\"elementor-icon-list-icon\">\n\t\t\t\t\t\t\t<i aria-hidden=\"true\" class=\"far fa-dot-circle\"><\/i>\t\t\t\t\t\t<\/span>\n\t\t\t\t\t\t\t\t\t\t<span class=\"elementor-icon-list-text\">Presentarse en la corte<\/span>\n\t\t\t\t\t\t\t\t\t<\/li>\n\t\t\t\t\t\t<\/ul>\n\t\t\t\t\t\t<\/div>\n\t\t\t\t<\/div>\n\t\t\t\t<div class=\"elementor-element elementor-element-52c9487 elementor-widget elementor-widget-text-editor\" data-id=\"52c9487\" data-element_type=\"widget\" data-e-type=\"widget\" data-widget_type=\"text-editor.default\">\n\t\t\t\t<div class=\"elementor-widget-container\">\n\t\t\t\t\t\t\t\t\t<p>Es muy importante saber y entender que no todas las condenas criminales pueden ser eliminadas del prontuario. Un abogado con experiencia puede ayudarlo a seguir los pasos necesarios requeridos por el proceso. La Abogada de nuestra firma puede evaluar sus antecedentes y determinar si su prontuario puede ser limpiado y tambi\u00e9n puede guiarlo durante el proceso legal.<\/p>\t\t\t\t\t\t\t\t<\/div>\n\t\t\t\t<\/div>\n\t\t\t\t<div class=\"elementor-element elementor-element-e318eb4 elementor-widget elementor-widget-text-editor\" data-id=\"e318eb4\" data-element_type=\"widget\" data-e-type=\"widget\" data-widget_type=\"text-editor.default\">\n\t\t\t\t<div class=\"elementor-widget-container\">\n\t\t\t\t\t\t\t\t\t<p><strong>Contacte nuestro estudio hoy mismo al tel\u00e9fono <a href=\"tel:650-227-9132\">650-227-9132<\/a> para obtener informaci\u00f3n sobre como podemos ayudarlo a eliminar sus antecedentes penales.<\/strong><\/p>\t\t\t\t\t\t\t\t<\/div>\n\t\t\t\t<\/div>\n\t\t\t\t\t<\/div>\n\t\t<\/div>\n\t\t\t\t\t<\/div>\n\t\t<\/section>\n\t\t\t\t<\/div>\n\t\t","protected":false},"excerpt":{"rendered":"<p>ABOGADA EN REDWOOD CITY DE EXPUNGEMENTS ELIMINACI\u00d3N DE ANTECEDENTES PENALES \u00bfUn error del pasado est\u00e1 limitando sus oportunidades actuales? Una condena criminal puede tener efectos negativos y hasta nefastos para su futuro, incluyendo el limitar sus oportunidades de trabajo y de educaci\u00f3n e incluso en algunos casos su derecho a votar. En el Estudio de [&hellip;]<\/p>\n","protected":false},"author":4,"featured_media":0,"parent":287,"menu_order":0,"comment_status":"closed","ping_status":"closed","template":"","meta":{"_acf_changed":false,"footnotes":""},"class_list":["post-298","page","type-page","status-publish","hentry"],"acf":[],"jetpack_sharing_enabled":true,"_links":{"self":[{"href":"https:\/\/gabrielaguraiiblaw.com\/es\/wp-json\/wp\/v2\/pages\/298","targetHints":{"allow":["GET"]}}],"collection":[{"href":"https:\/\/gabrielaguraiiblaw.com\/es\/wp-json\/wp\/v2\/pages"}],"about":[{"href":"https:\/\/gabrielaguraiiblaw.com\/es\/wp-json\/wp\/v2\/types\/page"}],"author":[{"embeddable":true,"href":"https:\/\/gabrielaguraiiblaw.com\/es\/wp-json\/wp\/v2\/users\/4"}],"replies":[{"embeddable":true,"href":"https:\/\/gabrielaguraiiblaw.com\/es\/wp-json\/wp\/v2\/comments?post=298"}],"version-history":[{"count":0,"href":"https:\/\/gabrielaguraiiblaw.com\/es\/wp-json\/wp\/v2\/pages\/298\/revisions"}],"up":[{"embeddable":true,"href":"https:\/\/gabrielaguraiiblaw.com\/es\/wp-json\/wp\/v2\/pages\/287"}],"wp:attachment":[{"href":"https:\/\/gabrielaguraiiblaw.com\/es\/wp-json\/wp\/v2\/media?parent=298"}],"curies":[{"name":"wp","href":"https:\/\/api.w.org\/{rel}","templated":true}]}}