{"id":301,"date":"2022-07-17T21:36:21","date_gmt":"2022-07-17T21:36:21","guid":{"rendered":"https:\/\/gabrielaguraiiblaw.com\/?page_id=301"},"modified":"2023-02-17T18:31:41","modified_gmt":"2023-02-17T18:31:41","slug":"crimenes-violentos","status":"publish","type":"page","link":"https:\/\/gabrielaguraiiblaw.com\/es\/defensa-criminal\/crimenes-violentos\/","title":{"rendered":"Cr\u00edmenes Violentos"},"content":{"rendered":"\t\t<div data-elementor-type=\"wp-page\" data-elementor-id=\"301\" class=\"elementor elementor-301 elementor-198\" data-elementor-post-type=\"page\">\n\t\t\t\t\t\t<section data-particle_enable=\"false\" data-particle-mobile-disabled=\"false\" class=\"elementor-section elementor-top-section elementor-element elementor-element-27c5244 elementor-section-boxed elementor-section-height-default elementor-section-height-default\" data-id=\"27c5244\" data-element_type=\"section\" data-e-type=\"section\">\n\t\t\t\t\t\t<div class=\"elementor-container elementor-column-gap-default\">\n\t\t\t\t\t<div class=\"elementor-column elementor-col-100 elementor-top-column elementor-element elementor-element-7c22181\" data-id=\"7c22181\" data-element_type=\"column\" data-e-type=\"column\">\n\t\t\t<div class=\"elementor-widget-wrap elementor-element-populated\">\n\t\t\t\t\t\t<div class=\"elementor-element elementor-element-40b79c3 elementor-widget elementor-widget-heading\" data-id=\"40b79c3\" data-element_type=\"widget\" data-e-type=\"widget\" data-widget_type=\"heading.default\">\n\t\t\t\t<div class=\"elementor-widget-container\">\n\t\t\t\t\t<h1 class=\"elementor-heading-title elementor-size-default\">ABOGADA DEFENSORA EN REDWOOD CITY DE CR\u00cdMENES VIOLENTOS<\/h1>\t\t\t\t<\/div>\n\t\t\t\t<\/div>\n\t\t\t\t<div class=\"elementor-element elementor-element-20b2963 elementor-widget elementor-widget-html\" data-id=\"20b2963\" data-element_type=\"widget\" data-e-type=\"widget\" data-widget_type=\"html.default\">\n\t\t\t\t<div class=\"elementor-widget-container\">\n\t\t\t\t\t<div class=\"divider\"><\/div>\n<div class=\"divider\"><\/div>\t\t\t\t<\/div>\n\t\t\t\t<\/div>\n\t\t\t\t<div class=\"elementor-element elementor-element-6f75a81 elementor-widget elementor-widget-heading\" data-id=\"6f75a81\" data-element_type=\"widget\" data-e-type=\"widget\" data-widget_type=\"heading.default\">\n\t\t\t\t<div class=\"elementor-widget-container\">\n\t\t\t\t\t<h2 class=\"elementor-heading-title elementor-size-default\">REPRESENTACI\u00d3N LEGAL DE CR\u00cdMENES SERIOS Y VIOLENTOS: <a href=\"tel:650-227-9132\">650-227-9132<\/a><\/h2>\t\t\t\t<\/div>\n\t\t\t\t<\/div>\n\t\t\t\t<div class=\"elementor-element elementor-element-d0e4053 elementor-widget elementor-widget-text-editor\" data-id=\"d0e4053\" data-element_type=\"widget\" data-e-type=\"widget\" data-widget_type=\"text-editor.default\">\n\t\t\t\t<div class=\"elementor-widget-container\">\n\t\t\t\t\t\t\t\t\t<p>Cr\u00edmenes serios y violentos tienen serias consecuencias, por eso el esfuerzo en tratar de evitar una condena por este tipo de cr\u00edmenes es crucial. Si usted est\u00e1 siendo investigado o fue acusado de un crimen violente, lo primero que necesita es un abogado con experiencia a su lado. La Oficina de la Abogada M. Gabriela Guraiib tiene experiencia como defensora publica e investigadora legal con conocimiento de la ley y dedicaci\u00f3n para evaluar y defender su caso de la mejor manera posible dada las circunstancias especifica que usted est\u00e1 enfrentando.<\/p>\t\t\t\t\t\t\t\t<\/div>\n\t\t\t\t<\/div>\n\t\t\t\t<div class=\"elementor-element elementor-element-73abcb9 elementor-widget elementor-widget-text-editor\" data-id=\"73abcb9\" data-element_type=\"widget\" data-e-type=\"widget\" data-widget_type=\"text-editor.default\">\n\t\t\t\t<div class=\"elementor-widget-container\">\n\t\t\t\t\t\t\t\t\t<p><strong>Cont\u00e1ctenos lo antes posible al tel\u00e9fono <a href=\"tel:650-227-9132\">650-227-9132<\/a> para hablar con una abogada con experiencia dispuesta a proteger sus derechos y libertades individuales.<\/strong><\/p>\t\t\t\t\t\t\t\t<\/div>\n\t\t\t\t<\/div>\n\t\t\t\t<div class=\"elementor-element elementor-element-e4f0448 elementor-widget elementor-widget-html\" data-id=\"e4f0448\" data-element_type=\"widget\" data-e-type=\"widget\" data-widget_type=\"html.default\">\n\t\t\t\t<div class=\"elementor-widget-container\">\n\t\t\t\t\t<div class=\"divider\"><\/div>\n<div class=\"divider\"><\/div>\t\t\t\t<\/div>\n\t\t\t\t<\/div>\n\t\t\t\t<div class=\"elementor-element elementor-element-8fc98e3 elementor-widget elementor-widget-heading\" data-id=\"8fc98e3\" data-element_type=\"widget\" data-e-type=\"widget\" data-widget_type=\"heading.default\">\n\t\t\t\t<div class=\"elementor-widget-container\">\n\t\t\t\t\t<h3 class=\"elementor-heading-title elementor-size-default\">LOS CR\u00cdMINES VIOLENTOS ACARREAN PENALIDADES SEVERAS<\/h3>\t\t\t\t<\/div>\n\t\t\t\t<\/div>\n\t\t\t\t<div class=\"elementor-element elementor-element-4126b6f elementor-widget elementor-widget-text-editor\" data-id=\"4126b6f\" data-element_type=\"widget\" data-e-type=\"widget\" data-widget_type=\"text-editor.default\">\n\t\t\t\t<div class=\"elementor-widget-container\">\n\t\t\t\t\t\t\t\t\t<p>Cr\u00edmenes violentos usualmente son acusaciones que incluyen la inflexi\u00f3n o amenaza de inflexi\u00f3n de lesiones f\u00edsicas a otra persona o la muerta de la victima. Las consecuencias de una condena por este tipo de crimines incluyen c\u00e1rcel de tiempo sustancial, multas grandes, y otras varias restricciones. Adem\u00e1s, este tipo de condenas y acusaciones pueden da\u00f1ar su reputaci\u00f3n y tener como consecuencia que usted pierda su licencia profesional lo cual puede terminar arruinando su carrera.<\/p>\t\t\t\t\t\t\t\t<\/div>\n\t\t\t\t<\/div>\n\t\t\t\t<div class=\"elementor-element elementor-element-b2141fb elementor-widget elementor-widget-heading\" data-id=\"b2141fb\" data-element_type=\"widget\" data-e-type=\"widget\" data-widget_type=\"heading.default\">\n\t\t\t\t<div class=\"elementor-widget-container\">\n\t\t\t\t\t<p class=\"elementor-heading-title elementor-size-default\">Nosotros defendemos personas acusadas de cr\u00edmenes violentos como:<\/p>\t\t\t\t<\/div>\n\t\t\t\t<\/div>\n\t\t\t\t<div class=\"elementor-element elementor-element-29872fb elementor-icon-list--layout-traditional elementor-list-item-link-full_width elementor-widget elementor-widget-icon-list\" data-id=\"29872fb\" data-element_type=\"widget\" data-e-type=\"widget\" data-widget_type=\"icon-list.default\">\n\t\t\t\t<div class=\"elementor-widget-container\">\n\t\t\t\t\t\t\t<ul class=\"elementor-icon-list-items\">\n\t\t\t\t\t\t\t<li class=\"elementor-icon-list-item\">\n\t\t\t\t\t\t\t\t\t\t\t<span class=\"elementor-icon-list-icon\">\n\t\t\t\t\t\t\t<i aria-hidden=\"true\" class=\"far fa-dot-circle\"><\/i>\t\t\t\t\t\t<\/span>\n\t\t\t\t\t\t\t\t\t\t<span class=\"elementor-icon-list-text\">Cr\u00edmenes de Armas de Fuego<\/span>\n\t\t\t\t\t\t\t\t\t<\/li>\n\t\t\t\t\t\t\t\t<li class=\"elementor-icon-list-item\">\n\t\t\t\t\t\t\t\t\t\t\t<span class=\"elementor-icon-list-icon\">\n\t\t\t\t\t\t\t<i aria-hidden=\"true\" class=\"far fa-dot-circle\"><\/i>\t\t\t\t\t\t<\/span>\n\t\t\t\t\t\t\t\t\t\t<span class=\"elementor-icon-list-text\">Asesinatos<\/span>\n\t\t\t\t\t\t\t\t\t<\/li>\n\t\t\t\t\t\t\t\t<li class=\"elementor-icon-list-item\">\n\t\t\t\t\t\t\t\t\t\t\t<span class=\"elementor-icon-list-icon\">\n\t\t\t\t\t\t\t<i aria-hidden=\"true\" class=\"far fa-dot-circle\"><\/i>\t\t\t\t\t\t<\/span>\n\t\t\t\t\t\t\t\t\t\t<span class=\"elementor-icon-list-text\">Violencia de Pandillas<\/span>\n\t\t\t\t\t\t\t\t\t<\/li>\n\t\t\t\t\t\t\t\t<li class=\"elementor-icon-list-item\">\n\t\t\t\t\t\t\t\t\t\t\t<span class=\"elementor-icon-list-icon\">\n\t\t\t\t\t\t\t<i aria-hidden=\"true\" class=\"far fa-dot-circle\"><\/i>\t\t\t\t\t\t<\/span>\n\t\t\t\t\t\t\t\t\t\t<span class=\"elementor-icon-list-text\">Raptos<\/span>\n\t\t\t\t\t\t\t\t\t<\/li>\n\t\t\t\t\t\t\t\t<li class=\"elementor-icon-list-item\">\n\t\t\t\t\t\t\t\t\t\t\t<span class=\"elementor-icon-list-icon\">\n\t\t\t\t\t\t\t<i aria-hidden=\"true\" class=\"far fa-dot-circle\"><\/i>\t\t\t\t\t\t<\/span>\n\t\t\t\t\t\t\t\t\t\t<span class=\"elementor-icon-list-text\">Intento de Asesinatos<\/span>\n\t\t\t\t\t\t\t\t\t<\/li>\n\t\t\t\t\t\t<\/ul>\n\t\t\t\t\t\t<\/div>\n\t\t\t\t<\/div>\n\t\t\t\t<div class=\"elementor-element elementor-element-ba2dcba elementor-widget elementor-widget-text-editor\" data-id=\"ba2dcba\" data-element_type=\"widget\" data-e-type=\"widget\" data-widget_type=\"text-editor.default\">\n\t\t\t\t<div class=\"elementor-widget-container\">\n\t\t\t\t\t\t\t\t\t<p>Dado que estas ofensas son muy serias, usted no deber\u00eda dudar en consultar un abogado defensor. Nosotros vamos a investigar el caso con mucha cautela y dedicaci\u00f3n para preparar la mejor estrategia posible de defensa.<\/p>\t\t\t\t\t\t\t\t<\/div>\n\t\t\t\t<\/div>\n\t\t\t\t<div class=\"elementor-element elementor-element-bb18c89 elementor-widget elementor-widget-heading\" data-id=\"bb18c89\" data-element_type=\"widget\" data-e-type=\"widget\" data-widget_type=\"heading.default\">\n\t\t\t\t<div class=\"elementor-widget-container\">\n\t\t\t\t\t<h3 class=\"elementor-heading-title elementor-size-default\">NO HABLE CON LAS AUTORIDADES SIN UN ABOGADO PRESENTE<\/h3>\t\t\t\t<\/div>\n\t\t\t\t<\/div>\n\t\t\t\t<div class=\"elementor-element elementor-element-b74ac2b elementor-widget elementor-widget-text-editor\" data-id=\"b74ac2b\" data-element_type=\"widget\" data-e-type=\"widget\" data-widget_type=\"text-editor.default\">\n\t\t\t\t<div class=\"elementor-widget-container\">\n\t\t\t\t\t\t\t\t\t<p>Cr\u00edmenes serios y violentos son extremadamente serios y tienen consecuencias devastadoras para su vida. Usted deber\u00eda consultar con un abogado y tener el abogado presente antes de ser interrogado por la polic\u00eda. Nuestra abogada se va a asegurar que sus derechos sean protegidos durante el proceso legal.<\/p>\t\t\t\t\t\t\t\t<\/div>\n\t\t\t\t<\/div>\n\t\t\t\t<div class=\"elementor-element elementor-element-35046e8 elementor-widget elementor-widget-text-editor\" data-id=\"35046e8\" data-element_type=\"widget\" data-e-type=\"widget\" data-widget_type=\"text-editor.default\">\n\t\t\t\t<div class=\"elementor-widget-container\">\n\t\t\t\t\t\t\t\t\t<p><strong>Si usted fue acusado de un crimen violento o serio no dude en llamar <a href=\"tel:650-227-9132\">650-227-9132<\/a> para obtener ayuda durante los siete d\u00edas de la semana.<\/strong><\/p>\t\t\t\t\t\t\t\t<\/div>\n\t\t\t\t<\/div>\n\t\t\t\t\t<\/div>\n\t\t<\/div>\n\t\t\t\t\t<\/div>\n\t\t<\/section>\n\t\t\t\t<\/div>\n\t\t","protected":false},"excerpt":{"rendered":"<p>ABOGADA DEFENSORA EN REDWOOD CITY DE CR\u00cdMENES VIOLENTOS REPRESENTACI\u00d3N LEGAL DE CR\u00cdMENES SERIOS Y VIOLENTOS: 650-227-9132 Cr\u00edmenes serios y violentos tienen serias consecuencias, por eso el esfuerzo en tratar de evitar una condena por este tipo de cr\u00edmenes es crucial. Si usted est\u00e1 siendo investigado o fue acusado de un crimen violente, lo primero que [&hellip;]<\/p>\n","protected":false},"author":4,"featured_media":0,"parent":287,"menu_order":0,"comment_status":"closed","ping_status":"closed","template":"","meta":{"_acf_changed":false,"footnotes":""},"class_list":["post-301","page","type-page","status-publish","hentry"],"acf":[],"jetpack_sharing_enabled":true,"_links":{"self":[{"href":"https:\/\/gabrielaguraiiblaw.com\/es\/wp-json\/wp\/v2\/pages\/301","targetHints":{"allow":["GET"]}}],"collection":[{"href":"https:\/\/gabrielaguraiiblaw.com\/es\/wp-json\/wp\/v2\/pages"}],"about":[{"href":"https:\/\/gabrielaguraiiblaw.com\/es\/wp-json\/wp\/v2\/types\/page"}],"author":[{"embeddable":true,"href":"https:\/\/gabrielaguraiiblaw.com\/es\/wp-json\/wp\/v2\/users\/4"}],"replies":[{"embeddable":true,"href":"https:\/\/gabrielaguraiiblaw.com\/es\/wp-json\/wp\/v2\/comments?post=301"}],"version-history":[{"count":0,"href":"https:\/\/gabrielaguraiiblaw.com\/es\/wp-json\/wp\/v2\/pages\/301\/revisions"}],"up":[{"embeddable":true,"href":"https:\/\/gabrielaguraiiblaw.com\/es\/wp-json\/wp\/v2\/pages\/287"}],"wp:attachment":[{"href":"https:\/\/gabrielaguraiiblaw.com\/es\/wp-json\/wp\/v2\/media?parent=301"}],"curies":[{"name":"wp","href":"https:\/\/api.w.org\/{rel}","templated":true}]}}